{"id":1846,"date":"2024-01-28T07:45:39","date_gmt":"2024-01-28T00:45:39","guid":{"rendered":"https:\/\/sic.edu.vn\/dieu-kien-de-nhan-bang-tot-nghiep-thpt-bang-tay-uc-wace"},"modified":"2024-04-16T16:33:40","modified_gmt":"2024-04-16T09:33:40","slug":"wace-requirement","status":"publish","type":"page","link":"https:\/\/www.sic.edu.vn\/en\/wace-requirement","title":{"rendered":"WACE Requirement"},"content":{"rendered":"\t<section class=\"section section-page-header dark\" id=\"section_1111284053\">\n\t\t<div class=\"bg section-bg fill bg-fill  \" >\n\n\t\t\t\n\t\t\t\n\t\t\t\n\n\t\t<\/div>\n\n\t\t\n\n\t\t<div class=\"section-content relative\">\n\t\t\t\n<div class=\"row row-collapse align-bottom\"  id=\"row-1164378960\">\n\n\t<div id=\"col-417385616\" class=\"col small-12 large-12\"  >\n\t\t\t\t<div class=\"col-inner\"  >\n\t\t\t\n\t\t\t\n<div class=\"container section-title-container\" ><h1 class=\"section-title section-title-normal\"><b><\/b><span class=\"section-title-main\" >\u0110i\u1ec1u ki\u1ec7n \u0111\u1ec3 nh\u1eadn b\u1eb1ng T\u1ed1t nghi\u1ec7p THPT Bang T\u00e2y \u00dac (WACE)<\/span><b><\/b><\/h1><\/div>\n\t\t<\/div>\n\t\t\t\t\t<\/div>\n\n\t\n<\/div>\n\t\t<\/div>\n\n\t\t\n<style>\n#section_1111284053 {\n  padding-top: 0px;\n  padding-bottom: 0px;\n  min-height: 50vh;\n}\n#section_1111284053 .section-bg.bg-loaded {\n  background-image: url(https:\/\/www.sic.edu.vn\/wp-content\/uploads\/tot-nghiep-2023.jpg);\n}\n#section_1111284053 .section-bg {\n  background-position: 51% 100%;\n}\n@media (min-width:550px) {\n  #section_1111284053 {\n    min-height: 80vh;\n  }\n}\n<\/style>\n\t<\/section>\n\t\n\t<section class=\"section dark\" id=\"section_1602025533\">\n\t\t<div class=\"bg section-bg fill bg-fill  bg-loaded\" >\n\n\t\t\t\n\t\t\t\n\t\t\t\n\n\t\t<\/div>\n\n\t\t\n\n\t\t<div class=\"section-content relative\">\n\t\t\t\n<div class=\"row row-collapse align-middle\" style=\"max-width:1000px\" id=\"row-1683928245\">\n\n\t<div id=\"col-581433164\" class=\"col medium-6 small-12 large-12\"  data-animate=\"fadeInLeft\">\n\t\t\t\t<div class=\"col-inner text-left\" style=\"background-color:#015697;\" >\n\t\t\t\n\t\t\t\n\t<div class=\"img has-hover x md-x lg-x y md-y lg-y\" id=\"image_1647648540\">\n\t\t\t\t\t\t\t\t<div class=\"img-inner dark\" >\n\t\t\t<img loading=\"lazy\" decoding=\"async\" width=\"2414\" height=\"3508\" src=\"https:\/\/www.sic.edu.vn\/wp-content\/uploads\/dieu-kien.jpg\" class=\"attachment-original size-original\" alt=\"\" \/>\t\t\t\t\t\t\n\t\t\t\t\t<\/div>\n\t\t\t\t\t\t\t\t\n<style>\n#image_1647648540 {\n  width: 90%;\n}\n@media (min-width:550px) {\n  #image_1647648540 {\n    width: 100%;\n  }\n}\n<\/style>\n\t<\/div>\n\t\n\t<div id=\"text-1464639154\" class=\"text hidden\">\n\t\t\n<h3>Y\u00eau c\u1ea7u \u0111\u1ec3 nh\u1eadn B\u1eb1ng t\u1ed1t nghi\u1ec7p THPT c\u1ee7a Bang T\u00e2y \u00dac (WACE)<\/h3>\n<p>\u0110\u1ec3 \u0111\u1ea1t \u0111\u01b0\u1ee3c B\u1eb1ng t\u1ed1t nghi\u1ec7p THPT c\u1ee7a Bang T\u00e2y \u00dac (WACE), trong 02 n\u0103m h\u1ecdc L\u1edbp 11 v\u00e0 L\u1edbp 12, h\u1ecdc sinh ph\u1ea3i ch\u1ecdn h\u1ecdc 4\/5 m\u00f4n c\u1ea5p \u0111\u1ed9 ATAR v\u00e0 ph\u1ea3i ho\u00e0n th\u00e0nh c\u00e1c ti\u00eau ch\u00ed sau:<\/p>\n<ul>\n<li>20 unit c\u1ee7a L\u1edbp 11 v\u00e0 L\u1edbp 12, trong \u0111\u00f3 t\u1ed1i thi\u1ec3u 10 unit c\u1ee7a L\u1edbp 12.<\/li>\n<li>04 unit m\u00f4n EALD ho\u1eb7c m\u00f4n ti\u1ebfng Anh (English), trong \u0111\u00f3 bao g\u1ed3m \u00edt nh\u1ea5t m\u1ed9t c\u1eb7p unit c\u1ee7a L\u1edbp 12<\/li>\n<li>M\u1ed9t c\u1eb7p unit L\u1edbp 12 c\u1ee7a c\u00e1c m\u00f4n t\u1eeb Danh m\u1ee5c A (Ngh\u1ec7 thu\u1eadt \/ Ng\u00f4n ng\u1eef \/ Khoa h\u1ecdc x\u00e3 h\u1ed9i)<\/li>\n<li>Qu\u1ea3n tr\u1ecb kinh doanh (BME), Kinh t\u1ebf h\u1ecdc (Economics) , m\u00f4n Ti\u1ebfng anh EALD ho\u1eb7c English.<\/li>\n<li>M\u1ed9t c\u1eb7p unit L\u1edbp 12 t\u1eeb Danh m\u1ee5c B (To\u00e1n \/ Khoa h\u1ecdc \/ C\u00f4ng ngh\u1ec7)<\/li>\n<li>K\u1ebf to\u00e1n T\u00e0i ch\u00ednh (ACF), Tin h\u1ecdc \u1ee9ng d\u1ee5ng (AIT), H\u00f3a h\u1ecdc (Chemistry), Khoa h\u1ecdc m\u00e1y t\u00ednh (Computer Science), Thi\u1ebft k\u1ebf (Design), Sinh h\u1ecdc (Human Biology), To\u00e1n (Mathematics), V\u1eadt l\u00fd (Physics), T\u00e2m l\u00fd h\u1ecdc (Psychology)<\/li>\n<li>\u0110\u1ea1t \u0111\u01b0\u1ee3c \u00edt nh\u1ea5t 14 \u0111i\u1ec3m C tr\u1edf l\u00ean \u1edf L\u1edbp 11 v\u00e0 L\u1edbp 12, trong \u0111\u00f3 ph\u1ea3i \u0111\u1ea1t \u00edt nh\u1ea5t 6 \u0111i\u1ec3m C trong L\u1edbp 12. ** Trong \u0111\u00f3 l\u01b0u \u00fd: Trong su\u1ed1t 1 n\u0103m h\u1ecdc, \u0111i\u1ec3m \u201cFinal mark and grade\u201d cu\u1ed1i n\u0103m c\u1ee7a 1 m\u00f4n h\u1ecdc s\u1ebd \u0111\u01b0\u1ee3c t\u00ednh t\u01b0\u01a1ng \u0111\u01b0\u01a1ng 2C. \u0110\u1ed1i v\u1edbi m\u00f4n h\u1ecdc 1 h\u1ecdc k\u1ef3 (Unit 1 ho\u1eb7c Unit 2) th\u00ec k\u1ebft qu\u1ea3 \u0111\u1ea1t \u0111\u01b0\u1ee3c c\u1ee7a h\u1ecdc k\u1ef3 \u0111\u00f3 s\u1ebd t\u00ednh nh\u01b0 1C<\/li>\n<li>Ho\u00e0n th\u00e0nh \u00edt nh\u1ea5t b\u1ed1n m\u00f4n c\u1ea5p \u0111\u1ed9 ATAR L\u1edbp 12<\/li>\n<li>Ho\u00e0n th\u00e0nh k\u1ef3 thi OLNA (03 ph\u1ea7n: Reading, Writing v\u00e0 Numeracy): Tham kh\u1ea3o t\u1ea1i: https:\/\/senior-secondary.scsa.wa.edu.au\/assessment\/olna<\/li>\n<li>Ph\u1ea3i tham d\u1ef1 v\u00e0 \u0111\u1ea1t y\u00eau c\u1ea7u c\u1ee7a SCSA trong k\u1ef3 thi T\u1ed1t nghi\u1ec7p THPT c\u1ee7a Bang T\u00e2y \u00dac (WACE) t\u1ed5 ch\u1ee9c v\u00e0o cu\u1ed1i n\u0103m l\u1edbp 12<\/li>\n<\/ul>\n\t\t\n<style>\n#text-1464639154 {\n  font-size: 1.2rem;\n  text-align: left;\n}\n<\/style>\n\t<\/div>\n\t\n\t\t<\/div>\n\t\t\t\t\n<style>\n#col-581433164 > .col-inner {\n  padding: 60px 30px 50px 30px;\n}\n@media (min-width:550px) {\n  #col-581433164 > .col-inner {\n    padding: 60px 30px 50px 30px;\n  }\n}\n@media (min-width:850px) {\n  #col-581433164 > .col-inner {\n    padding: 60px 80px 50px 80px;\n  }\n}\n<\/style>\n\t<\/div>\n\n\t\n<\/div>\n\t\t<\/div>\n\n\t\t\n<style>\n#section_1602025533 {\n  padding-top: 30px;\n  padding-bottom: 30px;\n  background-color: rgb(255, 255, 255);\n}\n<\/style>\n\t<\/section>\n\t\n","protected":false},"excerpt":{"rendered":"","protected":false},"author":1,"featured_media":0,"parent":0,"menu_order":0,"comment_status":"closed","ping_status":"closed","template":"page-blank.php","meta":{"footnotes":""},"class_list":["post-1846","page","type-page","status-publish","hentry"],"_links":{"self":[{"href":"https:\/\/www.sic.edu.vn\/en\/wp-json\/wp\/v2\/pages\/1846","targetHints":{"allow":["GET"]}}],"collection":[{"href":"https:\/\/www.sic.edu.vn\/en\/wp-json\/wp\/v2\/pages"}],"about":[{"href":"https:\/\/www.sic.edu.vn\/en\/wp-json\/wp\/v2\/types\/page"}],"author":[{"embeddable":true,"href":"https:\/\/www.sic.edu.vn\/en\/wp-json\/wp\/v2\/users\/1"}],"replies":[{"embeddable":true,"href":"https:\/\/www.sic.edu.vn\/en\/wp-json\/wp\/v2\/comments?post=1846"}],"version-history":[{"count":0,"href":"https:\/\/www.sic.edu.vn\/en\/wp-json\/wp\/v2\/pages\/1846\/revisions"}],"wp:attachment":[{"href":"https:\/\/www.sic.edu.vn\/en\/wp-json\/wp\/v2\/media?parent=1846"}],"curies":[{"name":"wp","href":"https:\/\/api.w.org\/{rel}","templated":true}]}}